{"id":271,"date":"2025-03-04T05:14:13","date_gmt":"2025-03-04T05:14:13","guid":{"rendered":"https:\/\/swissphysiopartner.ch\/?page_id=271"},"modified":"2025-03-27T04:11:17","modified_gmt":"2025-03-27T04:11:17","slug":"impressum","status":"publish","type":"page","link":"https:\/\/swissphysiopartner.ch\/en\/impressum\/","title":{"rendered":"Imprint"},"content":{"rendered":"<p>Swiss Physio Partner AG<br>Haldenstrasse 5<br>6340 Baar<br><a href=\"mailto:info@spp.ch\">info@spp.ch<\/a><br><a href=\"tel:41415551060\">+41 41 555 1060<\/a><\/p>\n\n\n\n<p>Swiss Physio Partner AG is in the&nbsp;<a href=\"https:\/\/zg.chregister.ch\/cr-portal\/auszug\/auszug.xhtml?uid=CHE-406.584.576\">Commercial Register of the Canton of Zug<\/a>&nbsp;registered (<a href=\"https:\/\/www.uid.admin.ch\/Detail.aspx?uid_id=CHE-406.584.576\">UID CHE-251.377.597<\/a>), the Swiss VAT number is CHE-406.584.576 MWST.<\/p>\n\n\n\n<p>Swiss Physio Partner AG and its employees prohibit the processing of all contact addresses and personal data published on this website for advertising purposes.<\/p>\n\n\n\n<p><sub>Brand and web design by <a href=\"http:\/\/wong.eu\">Thomas William Wong<\/a><\/sub><\/p>\n\n\n\n<p><\/p>","protected":false},"excerpt":{"rendered":"<p>Swiss Physio Partner AGHaldenstrasse 56340 Baarinfo@spp.ch+41 41 555 1060 Die Swiss Physio Partner AG ist im&nbsp;Handelsregister des Kantons Zug&nbsp;eingetragen (UID CHE-251.377.597), die schweizerische Mehrwertsteuer-Nummer lautet CHE-406.584.576 MWST. Die Swiss Physio Partner AG sowie ihre Mitarbeiterinnen und Mitarbeiter untersagen die Bearbeitung s\u00e4mtlicher Kontaktadressen und Personendaten, die auf dieser Website ver\u00f6ffentlicht sind, f\u00fcr Werbezwecke. Marke und Webdesign [&hellip;]<\/p>\n","protected":false},"author":1,"featured_media":0,"parent":0,"menu_order":0,"comment_status":"closed","ping_status":"closed","template":"","meta":{"_acf_changed":false,"footnotes":""},"class_list":["post-271","page","type-page","status-publish","hentry"],"acf":[],"yoast_head":"<!-- This site is optimized with the Yoast SEO Premium plugin v26.8 (Yoast SEO v27.5) - https:\/\/yoast.com\/product\/yoast-seo-premium-wordpress\/ -->\n<title>Impressum - Swiss Physio Partner<\/title>\n<meta name=\"robots\" content=\"index, follow, max-snippet:-1, max-image-preview:large, max-video-preview:-1\" \/>\n<link rel=\"canonical\" href=\"https:\/\/swissphysiopartner.ch\/en\/impressum\/\" \/>\n<meta property=\"og:locale\" content=\"en_GB\" \/>\n<meta property=\"og:type\" content=\"article\" \/>\n<meta property=\"og:title\" content=\"Impressum\" \/>\n<meta property=\"og:description\" content=\"Swiss Physio Partner AGHaldenstrasse 56340 Baarinfo@spp.ch+41 41 555 1060 Die Swiss Physio Partner AG ist im&nbsp;Handelsregister des Kantons Zug&nbsp;eingetragen (UID CHE-251.377.597), die schweizerische Mehrwertsteuer-Nummer lautet CHE-406.584.576 MWST. Die Swiss Physio Partner AG sowie ihre Mitarbeiterinnen und Mitarbeiter untersagen die Bearbeitung s\u00e4mtlicher Kontaktadressen und Personendaten, die auf dieser Website ver\u00f6ffentlicht sind, f\u00fcr Werbezwecke. Marke und Webdesign [&hellip;]\" \/>\n<meta property=\"og:url\" content=\"https:\/\/swissphysiopartner.ch\/en\/impressum\/\" \/>\n<meta property=\"og:site_name\" content=\"Swiss Physio Partner\" \/>\n<meta property=\"article:modified_time\" content=\"2025-03-27T04:11:17+00:00\" \/>\n<meta name=\"twitter:card\" content=\"summary_large_image\" \/>\n<script type=\"application\/ld+json\" class=\"yoast-schema-graph\">{\"@context\":\"https:\\\/\\\/schema.org\",\"@graph\":[{\"@type\":\"WebPage\",\"@id\":\"https:\\\/\\\/swissphysiopartner.ch\\\/impressum\\\/\",\"url\":\"https:\\\/\\\/swissphysiopartner.ch\\\/impressum\\\/\",\"name\":\"Impressum - Swiss Physio Partner\",\"isPartOf\":{\"@id\":\"https:\\\/\\\/swissphysiopartner.ch\\\/#website\"},\"datePublished\":\"2025-03-04T05:14:13+00:00\",\"dateModified\":\"2025-03-27T04:11:17+00:00\",\"breadcrumb\":{\"@id\":\"https:\\\/\\\/swissphysiopartner.ch\\\/impressum\\\/#breadcrumb\"},\"inLanguage\":\"en-GB\",\"potentialAction\":[{\"@type\":\"ReadAction\",\"target\":[\"https:\\\/\\\/swissphysiopartner.ch\\\/impressum\\\/\"]}]},{\"@type\":\"BreadcrumbList\",\"@id\":\"https:\\\/\\\/swissphysiopartner.ch\\\/impressum\\\/#breadcrumb\",\"itemListElement\":[{\"@type\":\"ListItem\",\"position\":1,\"name\":\"Home\",\"item\":\"https:\\\/\\\/swissphysiopartner.ch\\\/\"},{\"@type\":\"ListItem\",\"position\":2,\"name\":\"Impressum\"}]},{\"@type\":\"WebSite\",\"@id\":\"https:\\\/\\\/swissphysiopartner.ch\\\/#website\",\"url\":\"https:\\\/\\\/swissphysiopartner.ch\\\/\",\"name\":\"Swiss Physio Partner\",\"description\":\"Fit f\u00fcr die Zukunft\",\"publisher\":{\"@id\":\"https:\\\/\\\/swissphysiopartner.ch\\\/#organization\"},\"potentialAction\":[{\"@type\":\"SearchAction\",\"target\":{\"@type\":\"EntryPoint\",\"urlTemplate\":\"https:\\\/\\\/swissphysiopartner.ch\\\/?s={search_term_string}\"},\"query-input\":{\"@type\":\"PropertyValueSpecification\",\"valueRequired\":true,\"valueName\":\"search_term_string\"}}],\"inLanguage\":\"en-GB\"},{\"@type\":\"Organization\",\"@id\":\"https:\\\/\\\/swissphysiopartner.ch\\\/#organization\",\"name\":\"Swiss Physio Partner\",\"url\":\"https:\\\/\\\/swissphysiopartner.ch\\\/\",\"logo\":{\"@type\":\"ImageObject\",\"inLanguage\":\"en-GB\",\"@id\":\"https:\\\/\\\/swissphysiopartner.ch\\\/#\\\/schema\\\/logo\\\/image\\\/\",\"url\":\"https:\\\/\\\/swissphysiopartner.ch\\\/wp-content\\\/uploads\\\/Logo-01-copy.svg\",\"contentUrl\":\"https:\\\/\\\/swissphysiopartner.ch\\\/wp-content\\\/uploads\\\/Logo-01-copy.svg\",\"caption\":\"Swiss Physio Partner\"},\"image\":{\"@id\":\"https:\\\/\\\/swissphysiopartner.ch\\\/#\\\/schema\\\/logo\\\/image\\\/\"},\"sameAs\":[\"https:\\\/\\\/www.linkedin.com\\\/company\\\/swiss-physio-partner\\\/\"]}]}<\/script>\n<!-- \/ Yoast SEO Premium plugin. -->","yoast_head_json":{"title":"Impressum - Swiss Physio Partner","robots":{"index":"index","follow":"follow","max-snippet":"max-snippet:-1","max-image-preview":"max-image-preview:large","max-video-preview":"max-video-preview:-1"},"canonical":"https:\/\/swissphysiopartner.ch\/en\/impressum\/","og_locale":"en_GB","og_type":"article","og_title":"Impressum","og_description":"Swiss Physio Partner AGHaldenstrasse 56340 Baarinfo@spp.ch+41 41 555 1060 Die Swiss Physio Partner AG ist im&nbsp;Handelsregister des Kantons Zug&nbsp;eingetragen (UID CHE-251.377.597), die schweizerische Mehrwertsteuer-Nummer lautet CHE-406.584.576 MWST. Die Swiss Physio Partner AG sowie ihre Mitarbeiterinnen und Mitarbeiter untersagen die Bearbeitung s\u00e4mtlicher Kontaktadressen und Personendaten, die auf dieser Website ver\u00f6ffentlicht sind, f\u00fcr Werbezwecke. Marke und Webdesign [&hellip;]","og_url":"https:\/\/swissphysiopartner.ch\/en\/impressum\/","og_site_name":"Swiss Physio Partner","article_modified_time":"2025-03-27T04:11:17+00:00","twitter_card":"summary_large_image","schema":{"@context":"https:\/\/schema.org","@graph":[{"@type":"WebPage","@id":"https:\/\/swissphysiopartner.ch\/impressum\/","url":"https:\/\/swissphysiopartner.ch\/impressum\/","name":"Impressum - Swiss Physio Partner","isPartOf":{"@id":"https:\/\/swissphysiopartner.ch\/#website"},"datePublished":"2025-03-04T05:14:13+00:00","dateModified":"2025-03-27T04:11:17+00:00","breadcrumb":{"@id":"https:\/\/swissphysiopartner.ch\/impressum\/#breadcrumb"},"inLanguage":"en-GB","potentialAction":[{"@type":"ReadAction","target":["https:\/\/swissphysiopartner.ch\/impressum\/"]}]},{"@type":"BreadcrumbList","@id":"https:\/\/swissphysiopartner.ch\/impressum\/#breadcrumb","itemListElement":[{"@type":"ListItem","position":1,"name":"Home","item":"https:\/\/swissphysiopartner.ch\/"},{"@type":"ListItem","position":2,"name":"Impressum"}]},{"@type":"WebSite","@id":"https:\/\/swissphysiopartner.ch\/#website","url":"https:\/\/swissphysiopartner.ch\/","name":"Swiss Physio Partner","description":"Fit for the future","publisher":{"@id":"https:\/\/swissphysiopartner.ch\/#organization"},"potentialAction":[{"@type":"SearchAction","target":{"@type":"EntryPoint","urlTemplate":"https:\/\/swissphysiopartner.ch\/?s={search_term_string}"},"query-input":{"@type":"PropertyValueSpecification","valueRequired":true,"valueName":"search_term_string"}}],"inLanguage":"en-GB"},{"@type":"Organization","@id":"https:\/\/swissphysiopartner.ch\/#organization","name":"Swiss Physio Partner","url":"https:\/\/swissphysiopartner.ch\/","logo":{"@type":"ImageObject","inLanguage":"en-GB","@id":"https:\/\/swissphysiopartner.ch\/#\/schema\/logo\/image\/","url":"https:\/\/swissphysiopartner.ch\/wp-content\/uploads\/Logo-01-copy.svg","contentUrl":"https:\/\/swissphysiopartner.ch\/wp-content\/uploads\/Logo-01-copy.svg","caption":"Swiss Physio Partner"},"image":{"@id":"https:\/\/swissphysiopartner.ch\/#\/schema\/logo\/image\/"},"sameAs":["https:\/\/www.linkedin.com\/company\/swiss-physio-partner\/"]}]}},"_links":{"self":[{"href":"https:\/\/swissphysiopartner.ch\/en\/wp-json\/wp\/v2\/pages\/271","targetHints":{"allow":["GET"]}}],"collection":[{"href":"https:\/\/swissphysiopartner.ch\/en\/wp-json\/wp\/v2\/pages"}],"about":[{"href":"https:\/\/swissphysiopartner.ch\/en\/wp-json\/wp\/v2\/types\/page"}],"author":[{"embeddable":true,"href":"https:\/\/swissphysiopartner.ch\/en\/wp-json\/wp\/v2\/users\/1"}],"replies":[{"embeddable":true,"href":"https:\/\/swissphysiopartner.ch\/en\/wp-json\/wp\/v2\/comments?post=271"}],"version-history":[{"count":9,"href":"https:\/\/swissphysiopartner.ch\/en\/wp-json\/wp\/v2\/pages\/271\/revisions"}],"predecessor-version":[{"id":568,"href":"https:\/\/swissphysiopartner.ch\/en\/wp-json\/wp\/v2\/pages\/271\/revisions\/568"}],"wp:attachment":[{"href":"https:\/\/swissphysiopartner.ch\/en\/wp-json\/wp\/v2\/media?parent=271"}],"curies":[{"name":"wp","href":"https:\/\/api.w.org\/{rel}","templated":true}]}}